{"id":7,"date":"2014-11-21T04:51:49","date_gmt":"2014-11-21T04:51:49","guid":{"rendered":"http:\/\/versorgungsverband.kvt-zvk.de\/ffw\/impressum\/"},"modified":"2016-01-14T15:31:52","modified_gmt":"2016-01-14T14:31:52","slug":"impressum","status":"publish","type":"page","link":"https:\/\/versorgungsverband.kvt-zvk.de\/ffw\/impressum\/","title":{"rendered":"Impressum"},"content":{"rendered":"<p><strong>Impressum<\/strong><\/p>\n<ul>\n<li>Herausgeber:<\/li>\n<\/ul>\n<p><strong>Kommunaler Versorgungsverband Th\u00fcringen<\/strong><br \/>\n<strong>-K\u00f6rperschaft des \u00f6ffentlichen Rechts-<\/strong><br \/>\n<strong>Steile Hohle 6<\/strong><br \/>\n<strong>06556 Artern<\/strong><\/p>\n<ul>\n<li><strong>Direktor:<\/strong><\/li>\n<\/ul>\n<p>Herr Steffen B\u00fcrger<br \/>\nTelefon: 03466 \/ 3364 \u2013 0<br \/>\nTelefax: 03466 \/ 3364 \u2013 15<br \/>\nE-Mail: <a href=\"mailto:kvt@kvt-zvk.de\" target=\"_blank\">kvt(at)kvt-zvk.de<\/a><\/p>\n<ul>\n<li><strong>Copyright<\/strong><\/li>\n<\/ul>\n<p>Das Copyright liegt beim Kommunalen Versorgungsverband Th\u00fcringen. Alle Rechte sind vorbehalten. Der Kommunale Versorgungsverband Th\u00fcringen stellt die in dieser Pr\u00e4sentation enthaltenen Informationen zur pers\u00f6nlichen Nutzung kostenlos zur Verf\u00fcgung. Eine kommerzielle Nutzung der Inhalte ist nur mit ausdr\u00fccklicher schriftlicher Genehmigung erlaubt. Alle ver\u00f6ffentlichten Inhalte (Texte, Bilder und Grafiken) sind urheberrechtlich gesch\u00fctzt. F\u00fcr Irrt\u00fcmer, Schreibfehler oder fehlerhafte Links sowie f\u00fcr Sch\u00e4den, die Ihnen durch die Benutzung dieser Internetangebote direkt oder indirekt entstehen k\u00f6nnten, wird keine Haftung \u00fcbernommen.<\/p>\n<p>Weiterhin k\u00f6nnen Bilder, Grafiken, Text- oder sonstige Dateien ganz oder teilweise dem Urheberrecht Dritter unterliegen.<\/p>\n<p>Alle innerhalb des Internetangebotes genannten und ggf. durch Dritte gesch\u00fctzten Marken- und Warenzeichen unterliegen uneingeschr\u00e4nkt den Bestimmungen des jeweils g\u00fcltigen Kennzeichenrechts und den Besitzrechten der jeweiligen eingetragenen Eigent\u00fcmer. Allein aufgrund der blo\u00dfen Nennung in unserem Internetangebot ist nicht der Schluss zu ziehen, dass Markenzeichen nicht durch Rechte Dritter gesch\u00fctzt sind.<\/p>\n<ul>\n<li><strong>Haftungsausschluss<\/strong><\/li>\n<\/ul>\n<p>Der Kommunale Versorgungsverband Th\u00fcringen hat alle in seinem Auftritt bereitgestellten Informationen nach bestem Wissen und Gewissen erarbeitet und gepr\u00fcft. Es wird jedoch keine Gew\u00e4hr f\u00fcr die Aktualit\u00e4t, Richtigkeit, Vollst\u00e4ndigkeit oder Qualit\u00e4t und jederzeitige Verf\u00fcgbarkeit der bereitgestellten Informationen \u00fcbernommen. Unbeschadet der Regelungen des \u00a7 675 Absatz 2 BGB gilt f\u00fcr das bereitgestellte Informationsangebot folgende Haftungsbeschr\u00e4nkung: Der Kommunale Versorgungsverband Th\u00fcringen und seine Bediensteten haften nicht f\u00fcr Sch\u00e4den, die durch die Nutzung oder Nichtnutzung der im Internetangebot des Kommunalen Versorgungsverbandes Th\u00fcringen angebotenen Informationen entstehen. Der Haftungsausschluss gilt nicht, soweit die Vorschriften des \u00a7 839 BGB (Haftung bei Amtspflichtverletzung) einschl\u00e4gig sind. F\u00fcr etwaige Sch\u00e4den, die beim Aufrufen oder Herunterladen von Daten durch Computerviren oder der Installation oder Nutzung von Software verursacht werden, wird nicht gehaftet.<\/p>\n<ul>\n<li><strong>Links und Verweise (Disclaimer)<\/strong><\/li>\n<\/ul>\n<p>Der Kommunale Versorgungsverband Th\u00fcringen ist nur f\u00fcr die eigenen Inhalte, die er zur Nutzung bereith\u00e4lt verantwortlich. Der Internetauftritt des Kommunalen Versorgungsverbandes Th\u00fcringen enth\u00e4lt Querverweise (Links) auf die Webseiten anderer Anbieter. Durch den Querverweis erm\u00f6glicht der Kommunale Versorgungsverband Th\u00fcringen den Zugang zu fremden Inhalten. Durch den Querverweis vermittelt der Kommunale Versorgungsverband Th\u00fcringen lediglich den Zugang zur Nutzung dieser Inhalte. F\u00fcr diese fremden Inhalte ist er nicht verantwortlich. F\u00fcr illegale, fehlerhafte oder unvollst\u00e4ndige Inhalte und insbesondere f\u00fcr Sch\u00e4den, die aus der Nutzung oder Nichtnutzung von Informationen Dritter entstehen, haftet allein der jeweilige Anbieter der Seite, auf welche verwiesen wurde.<\/p>\n<ul>\n<li><strong>Hinweise zu Links auf Seiten des Kommunalen Versorgungsverbandes Th\u00fcringen<\/strong><\/li>\n<\/ul>\n<p>Die Einrichtung von Hyperlinks von Websites, deren Inhalte gegen geltendes Recht oder gegen die guten Sitten versto\u00dfen, auf Webseiten des Kommunalen Versorgungsverbandes Th\u00fcringen, ist ausdr\u00fccklich untersagt. Es ist ebenfalls untersagt, Webseiten des Kommunalen Versorgungsverbandes Th\u00fcringen oder deren Inhalte mittels eines Hyperlinks in einem Teilfenster (Frame) darzustellen oder durch eine Domainumleitung den Eindruck entstehen zu lassen, dass die Inhalte dieser Seiten Bestandteil der umgeleiteten Domain sein k\u00f6nnten.<\/p>\n<p>Kommunaler Versorgungsverband Th\u00fcringen,<br \/>\nTelefon: 03466 \/ 33 64 \u2013 0, Telefax: 03466 \/ 33 64 \u2013 15, E-Mail: <a href=\"mailto:kvt@kvt-zvk.de\" target=\"_blank\">kvt(at)kvt-zvk.de<\/a><\/p>\n<ul>\n<li><strong>Bildnachweis<\/strong><\/li>\n<\/ul>\n<p>Auf unserer Website verwenden wir Bilder der Bildagentur Fotolia:<\/p>\n<p>\u00a9 16to9foto \u2013 Fotolia.com<br \/>\n\u00a9 Alina Isakovich \u2013 Fotolia.com<br \/>\n\u00a9 Andres Rodriguez \u2013 Fotolia.com<br \/>\n\u00a9 Andrey Kuzmin \u2013 Fotolia.com<br \/>\n\u00a9 Anthony Leopold \u2013 Fotolia.com<br \/>\n\u00a9 Botie \u2013 Fotolia.com<br \/>\n\u00a9 daniel merkel \u2013 Fotolia.com<br \/>\n\u00a9 DOC RABE Media \u2013 Fotolia.com<br \/>\n\u00a9 fotoflash \u2013 Fotolia.com<br \/>\n\u00a9 Gernot Krautberger \u2013 Fotolia.com<br \/>\n\u00a9 gpointstudio \u2013 Fotolia.com<br \/>\n\u00a9 LVI \u2013 Fotolia.com<br \/>\n\u00a9 Manfred Ament \u2013 Fotolia.com<br \/>\n\u00a9 Marzanna Syncerz \u2013 fotolia.com<br \/>\n\u00a9 Mellimage \u2013 Fotolia.com<br \/>\n\u00a9 Minerva Studio \u2013 Fotolia.com<br \/>\n\u00a9 Monkey Business \u2013 Fotolia.com<br \/>\n\u00a9 Nikolai Sorokin \u2013 Fotolia.com<br \/>\n\u00a9 noni \u2013 Fotolia.com<br \/>\n\u00a9 Picture-Factory \u2013 Fotolia.com<br \/>\n\u00a9 Pixel \u2013 Fotolia.com<br \/>\n\u00a9 pressmaster \u2013 Fotolia.com<br \/>\n\u00a9 Ramona Heim \u2013 Fotolia.com<br \/>\n\u00a9 rrrob \u2013 Fotolia.com<br \/>\n\u00a9 Sergey Peterman \u2013 Fotolia.com<br \/>\n\u00a9 sk_design \u2013 Fotolia.com<br \/>\n\u00a9 Thomas Nattermann \u2013 Fotolia.com<br \/>\n\u00a9 Udo Kroener \u2013 Fotolia.com<br \/>\n\u00a9 vege \u2013 Fotolia.com<\/p>\n","protected":false},"excerpt":{"rendered":"<p>Impressum Herausgeber: Kommunaler Versorgungsverband Th\u00fcringen -K\u00f6rperschaft des \u00f6ffentlichen Rechts- Steile Hohle 6 06556 Artern Direktor: Herr Steffen B\u00fcrger Telefon: 03466 \/ 3364 \u2013 0 Telefax: 03466 \/ 3364 \u2013 15 E-Mail: kvt(at)kvt-zvk.de Copyright Das&#46;&#46;&#46;<\/p>\n","protected":false},"author":1,"featured_media":0,"parent":0,"menu_order":0,"comment_status":"closed","ping_status":"closed","template":"","meta":{"footnotes":""},"class_list":["post-7","page","type-page","status-publish","hentry"],"_links":{"self":[{"href":"https:\/\/versorgungsverband.kvt-zvk.de\/ffw\/wp-json\/wp\/v2\/pages\/7","targetHints":{"allow":["GET"]}}],"collection":[{"href":"https:\/\/versorgungsverband.kvt-zvk.de\/ffw\/wp-json\/wp\/v2\/pages"}],"about":[{"href":"https:\/\/versorgungsverband.kvt-zvk.de\/ffw\/wp-json\/wp\/v2\/types\/page"}],"author":[{"embeddable":true,"href":"https:\/\/versorgungsverband.kvt-zvk.de\/ffw\/wp-json\/wp\/v2\/users\/1"}],"replies":[{"embeddable":true,"href":"https:\/\/versorgungsverband.kvt-zvk.de\/ffw\/wp-json\/wp\/v2\/comments?post=7"}],"version-history":[{"count":2,"href":"https:\/\/versorgungsverband.kvt-zvk.de\/ffw\/wp-json\/wp\/v2\/pages\/7\/revisions"}],"predecessor-version":[{"id":365,"href":"https:\/\/versorgungsverband.kvt-zvk.de\/ffw\/wp-json\/wp\/v2\/pages\/7\/revisions\/365"}],"wp:attachment":[{"href":"https:\/\/versorgungsverband.kvt-zvk.de\/ffw\/wp-json\/wp\/v2\/media?parent=7"}],"curies":[{"name":"wp","href":"https:\/\/api.w.org\/{rel}","templated":true}]}}