{"id":6,"date":"2015-02-12T15:49:51","date_gmt":"2015-02-12T14:49:51","guid":{"rendered":"http:\/\/versorgungsverband.kvt-zvk.de\/ffw\/datenschutz\/"},"modified":"2025-01-09T10:09:07","modified_gmt":"2025-01-09T09:09:07","slug":"datenschutz","status":"publish","type":"page","link":"https:\/\/versorgungsverband.kvt-zvk.de\/ffw\/datenschutz\/","title":{"rendered":"Datenschutz"},"content":{"rendered":"<p><strong>Datenschutzhinweise<\/strong><br \/>\nDer Kommunale Versorgungsverband Th\u00fcringen nimmt den Schutz personenbezogener Daten sehr ernst. Wir legen gro\u00dfen Wert auf den Schutz Ihrer Daten und die Wahrung Ihrer Privatsph\u00e4re. Um zu gew\u00e4hrleisten, dass Sie in vollem Umfang \u00fcber die Erhebung und Verwendung personenbezogener Daten auf unserer Website informiert sind, nehmen Sie bitte nachstehende Informationen zur Kenntnis.<\/p>\n<p><strong>Kontaktdaten des KVT:<\/strong><\/p>\n<p>Kommunaler Versorgungsverband Th\u00fcringen<br \/>\nSteile Hohle 6<br \/>\n06556 Artern<\/p>\n<p>Telefon: +49 (0)3466-3364-0<br \/>\nEmail: <a href=\"mailto:kvt@kvt-zvk.de\">kvt@kvt-zvk.de<\/a><\/p>\n<p><strong>Kontaktdaten des Datenschutzbeauftragten unseres Verbandes:<\/strong><\/p>\n<p>Kommunaler Versorgungsverband Th\u00fcringen<br \/>\n-Datenschutzbeauftragter-<br \/>\nSteile Hohle 6<br \/>\n06556 Artern<\/p>\n<p>Telefon: +49 (0)3466-3364-95<br \/>\nEmail: <a href=\"mailto:datenschutz@kvt-zvk.de\">datenschutz@kvt-zvk.de<\/a><\/p>\n<hr \/>\n<p><strong>Rechtsgrundlagen<\/strong><\/p>\n<p>Die Rechtsgrundlagen ergeben sich aus Art. 6 Abs. 1 Buchstabe a DSGVO bzw. aus den\u00a0 \u00a7\u00a7 19 ff. des Telekommunikation-Digitale Dienste-Datenschutz-Gesetz \u2013 TDDDG.<\/p>\n<hr \/>\n<ul>\n<li><strong>Personenbezogene Daten<\/strong><\/li>\n<\/ul>\n<p>Personenbezogene Daten sind Informationen, die dazu genutzt werden k\u00f6nnen Ihre Identit\u00e4t zu erfahren. Darunter fallen Informationen wie z.B. Name, Adresse, Postanschrift, Telefonnummer und IP-Adresse.<br \/>\nSie k\u00f6nnen unser Online-Angebot grunds\u00e4tzlich ohne Offenlegung Ihrer Identit\u00e4t nutzen.<br \/>\nPersonenbezogene Daten werden &#8211; <em>au\u00dferhalb der Nutzung der ZVK-Mitglieder-Lounge<\/em> &#8211; nur erhoben, wenn Sie uns diese von sich aus bei einer der nachfolgend beschriebenen Handlungen mitteilen.<\/p>\n<p>Von Ihnen im <strong>Kontaktformular<\/strong> bzw. bei der <strong>Anmeldung f\u00fcr unsere ZVK-Seminare<\/strong> eingegebene Daten, wie Vorname, Nachname, E-Mail-Adresse, Versicherungsnummer oder Mitgliedsnummer, Geburtsdatum oder Telefonnummer und Nachricht, speichern und verwenden wir nur zum Zweck der Bearbeitung Ihrer konkreten Anfrage sowie f\u00fcr den Fall, dass Anschlussfragen entstehen. Wenn keine gesetzlichen Aufbewahrungspflichten entgegen stehen, werden diese nach Erledigung Ihrer Anfrage gel\u00f6scht.<\/p>\n<p>Wir weisen darauf hin, dass die Daten\u00fcbertragung \u00fcber das Internet unverschl\u00fcsselt erfolgt. Es besteht somit die Gefahr, dass Daten w\u00e4hrend der \u00dcbertragung durch Unbefugte zur Kenntnis genommen, verf\u00e4lscht oder gel\u00f6scht werden.<\/p>\n<p>Im Rahmen des Registrierungsvorgangs zu unserem <strong>ZVK-Newsletter<\/strong> m\u00fcssen Sie uns Ihre E-Mail-Adresse mitteilen. Diese Daten erheben und nutzen wir ausschlie\u00dflich, um Ihnen den Newsletter zuzusenden. Die Abbestellung des Newsletters ist jederzeit m\u00f6glich.<\/p>\n<p>In Verbindung mit Ihrem Zugriff werden auf unserem Webserver keine IP Adressen oder andere personenbezogene Daten protokolliert. Wir erstellen weder direkt personenbezogene noch pseudonymisierte Nutzerprofile. Es werden von uns lediglich statistische Auswertungen (z.B. von Besucherzahlen) anhand anonymisierter Daten vorgenommen.<\/p>\n<ul>\n<li><strong>Weitergabe personenbezogener Daten an Dritte<\/strong><\/li>\n<\/ul>\n<p>Wir verwenden Ihre personenbezogenen Daten nur f\u00fcr den Zweck, f\u00fcr den sie uns \u00fcbermittelt wurden. Wir geben sie nicht ohne Ihre ausdr\u00fcckliche Einwilligung an Dritte weiter. Nur soweit wir gesetzlich oder per Gerichtsbeschluss dazu verpflichtet sind, werden wir Ihre Daten an auskunftsberechtigte Stellen \u00fcbermitteln.<\/p>\n<ul>\n<li><strong>ZVK-Mitglieder-Lounge<\/strong><\/li>\n<\/ul>\n<p>Der Zugang zur ZVK-Mitglieder-Lounge ist nur nach Eingabe Ihrer pers\u00f6nlichen Zugangsdaten m\u00f6glich. Aus Sicherheitsgr\u00fcnden ist dieser Bereich unserer Website mit einem SSL-Zertifikat verschl\u00fcsselt. Sie sollten Ihre Zugangsinformationen stets vertraulich behandeln und nach erfolgter Benutzung die Logout-Funktion verwenden.<\/p>\n<p>Bei der Nutzung der Mitglieder-Lounge erstellen wir Log-Files. Diese bestehen aus der IP-Adresse, dem Beginn und dem Ende des Logins. Diese Daten erheben und speichern wir aus Sicherheitsgr\u00fcnden, um F\u00e4lle des Missbrauchs unseres Dienstes nachvollziehen zu k\u00f6nnen. Die Dateien werden nach sieben Tagen gel\u00f6scht. Durch die Registrierung und Nutzung der Mitglieder-Lounge haben Sie in die Speicherung dieser Daten eingewilligt.<\/p>\n<ul>\n<li><strong>Links zu anderen Websites<\/strong><\/li>\n<\/ul>\n<p>Unser Online-Angebot enth\u00e4lt Links zu anderen Websites. Wir haben keinen Einfluss darauf, dass deren Betreiber die Datenschutzbestimmungen einhalten.<\/p>\n<hr \/>\n<p><strong>Rechte aus dem Datenschutz:<\/strong><\/p>\n<p>Jede betroffene Person hat hinsichtlich der gespeicherten personenbezogenen Daten grunds\u00e4tzlich das Recht auf<\/p>\n<ul>\n<li>Auskunft (Artikel 15 DS-GVO),<\/li>\n<li>Berichtigung (Artikel 16 DS-GVO),<\/li>\n<li>L\u00f6schung (Artikel 17 DS-GVO),<\/li>\n<li>Einschr\u00e4nkung der Verarbeitung (Artikel 18 DS-GVO),<\/li>\n<li>Widerspruch (Artikel 21 DS-GVO)<\/li>\n<li>Widerruf einer erteilten Einwilligung (Artikel 7 Abs. 3 DS-GVO) sowie<\/li>\n<li>das Beschwerderecht bei der zust\u00e4ndigen Datenschutzaufsichtsbeh\u00f6rde (Artikel 77 DS-GVO).<\/li>\n<\/ul>\n<hr \/>\n<p><strong>Kontaktdaten der zust\u00e4ndigen Datenschutzaufsichtsbeh\u00f6rde, bei der Beschwerde eingereicht werden kann:<\/strong><\/p>\n<p>Th\u00fcringer Landesbeauftragter f\u00fcr den Datenschutz und die Informationsfreiheit<br \/>\nH\u00e4\u00dflerstra\u00dfe 8<br \/>\n99096 Erfurt<\/p>\n<p>Telefon: +49 (0) 361\/57 3112900<br \/>\nE-Mail: <a href=\"mailto:poststelle@datenschutz.thueringen.de\">poststelle@datenschutz.thueringen.de<\/a><\/p>\n","protected":false},"excerpt":{"rendered":"<p>Datenschutzhinweise Der Kommunale Versorgungsverband Th\u00fcringen nimmt den Schutz personenbezogener Daten sehr ernst. Wir legen gro\u00dfen Wert auf den Schutz Ihrer Daten und die Wahrung Ihrer Privatsph\u00e4re. Um zu gew\u00e4hrleisten, dass Sie in vollem Umfang&#46;&#46;&#46;<\/p>\n","protected":false},"author":1,"featured_media":0,"parent":0,"menu_order":0,"comment_status":"closed","ping_status":"closed","template":"","meta":{"footnotes":""},"class_list":["post-6","page","type-page","status-publish","hentry"],"_links":{"self":[{"href":"https:\/\/versorgungsverband.kvt-zvk.de\/ffw\/wp-json\/wp\/v2\/pages\/6","targetHints":{"allow":["GET"]}}],"collection":[{"href":"https:\/\/versorgungsverband.kvt-zvk.de\/ffw\/wp-json\/wp\/v2\/pages"}],"about":[{"href":"https:\/\/versorgungsverband.kvt-zvk.de\/ffw\/wp-json\/wp\/v2\/types\/page"}],"author":[{"embeddable":true,"href":"https:\/\/versorgungsverband.kvt-zvk.de\/ffw\/wp-json\/wp\/v2\/users\/1"}],"replies":[{"embeddable":true,"href":"https:\/\/versorgungsverband.kvt-zvk.de\/ffw\/wp-json\/wp\/v2\/comments?post=6"}],"version-history":[{"count":6,"href":"https:\/\/versorgungsverband.kvt-zvk.de\/ffw\/wp-json\/wp\/v2\/pages\/6\/revisions"}],"predecessor-version":[{"id":532,"href":"https:\/\/versorgungsverband.kvt-zvk.de\/ffw\/wp-json\/wp\/v2\/pages\/6\/revisions\/532"}],"wp:attachment":[{"href":"https:\/\/versorgungsverband.kvt-zvk.de\/ffw\/wp-json\/wp\/v2\/media?parent=6"}],"curies":[{"name":"wp","href":"https:\/\/api.w.org\/{rel}","templated":true}]}}