{"id":5,"date":"2015-02-12T14:49:27","date_gmt":"2015-02-12T14:49:27","guid":{"rendered":"http:\/\/versorgungsverband.kvt-zvk.de\/ffw\/barrierefreiheit\/"},"modified":"2015-12-29T13:37:31","modified_gmt":"2015-12-29T12:37:31","slug":"barrierefreiheit","status":"publish","type":"page","link":"https:\/\/versorgungsverband.kvt-zvk.de\/ffw\/barrierefreiheit\/","title":{"rendered":"Barrierefreiheit"},"content":{"rendered":"<p><strong>Barrierefreiheit<\/strong><\/p>\n<p>Bei der Erstellung unserer Internet-Pr\u00e4senz wurde besonderes Augenmerk auf die Einhaltung der Richtlinien f\u00fcr ein Barrierefreies Webdesign gelegt. Bestimmte Techniken bei Design, Strukturierung und Programmierung gew\u00e4hrleisten ein hohes Ma\u00df an Konformit\u00e4t und erm\u00f6glichen auch Menschen mit Behinderungen den Zugang zu unseren Seiten. Die Richtlinien zur Umsetzung folgen dabei der Barrierefreie Informationstechnik-Verordnung (BITV), die am 24. Juli 2002 in Kraft trat.<\/p>\n<p>Auszug aus den von uns ber\u00fccksichtigten Kriterien:<\/p>\n<ul>\n<li>F\u00fcr jeden Audio- oder visuellen Inhalt wurden geeignete \u00e4quivalente Inhalte bereitgestellt, die den gleichen Zweck oder die gleiche Funktion wie der origin\u00e4re Inhalt erf\u00fcllen.<\/li>\n<li>Texte und Graphiken wurden so ausgew\u00e4hlt, dass diese auch dann verst\u00e4ndlich sind, wenn sie ohne Farbe betrachtet werden.<\/li>\n<li>Markup-Sprachen (insbesondere HTML) und Stylesheets (CSS) werden entsprechend ihrer Spezifikationen und formalen Definitionen verwendet.<\/li>\n<li>Tabellen sind mittels der vorgesehenen Elemente der verwendeten Markup-Sprache (HTML) beschrieben und werden in der Regel nur zur Darstellung tabellarischer Daten verwendet.<\/li>\n<li>Die zur Erstellung des Internetangebotes verwendeten Technologien sind \u00f6ffentlich zug\u00e4nglich und vollst\u00e4ndig dokumentiert, wie z. B. die vom World Wide Web Konsortium entwickelten Technologien.<\/li>\n<li>Es wurde eine mit der Tabulatortaste navigierbare, nachvollziehbare und schl\u00fcssige Reihenfolge von Hyperlinks-, Formularkontrollelementen und Objekten erarbeitet.<\/li>\n<li>Es wurde weitestgehend auf den Einsatz von Pop-Ups oder anderer Fenster verzichtet.<\/li>\n<li>Gro\u00dfe Informationsbl\u00f6cke sind mittels Elementen der verwendeten Markup-Sprache (HTML) in leichter handhabbare Gruppen unterteilt.<\/li>\n<li>Das Ziel jedes Hyperlinks- ist auf eindeutige Weise identifizierbar.<\/li>\n<li>Es sind Metadaten hinterlegt, um semantische Informationen zum Internetangebot bereitzustellen.<\/li>\n<li>Es sind Informationen zur allgemeinen Anordnung und Konzeption des Internetangebots (Sitemap) vorhanden.<\/li>\n<\/ul>\n<p>Die oft verwendete Umschaltung zwischen unterschiedlichen Schriftgr\u00f6\u00dfen f\u00fcr Texte wurde hier nicht gesondert implementiert, sondern kann mit nahezu jedem derzeit erh\u00e4ltlichem Internet-Browser \u00fcber eine integrierte Funktion realisiert werden.<br \/>\nSollten Sie weitere Fragen zu unserer Internet-Pr\u00e4sentation haben, so setzen Sie sich bitte mit uns in Verbindung:<\/p>\n<p><strong><a href=\"mailto:webmaster@kvt-zvk.de\" target=\"_blank\">webmaster(at)kvt-zvk.de<\/a><\/strong><br \/>\nTel: 03466-3364-0<\/p>\n","protected":false},"excerpt":{"rendered":"<p>Barrierefreiheit Bei der Erstellung unserer Internet-Pr\u00e4senz wurde besonderes Augenmerk auf die Einhaltung der Richtlinien f\u00fcr ein Barrierefreies Webdesign gelegt. Bestimmte Techniken bei Design, Strukturierung und Programmierung gew\u00e4hrleisten ein hohes Ma\u00df an Konformit\u00e4t und erm\u00f6glichen&#46;&#46;&#46;<\/p>\n","protected":false},"author":1,"featured_media":0,"parent":0,"menu_order":0,"comment_status":"closed","ping_status":"closed","template":"","meta":{"footnotes":""},"class_list":["post-5","page","type-page","status-publish","hentry"],"_links":{"self":[{"href":"https:\/\/versorgungsverband.kvt-zvk.de\/ffw\/wp-json\/wp\/v2\/pages\/5","targetHints":{"allow":["GET"]}}],"collection":[{"href":"https:\/\/versorgungsverband.kvt-zvk.de\/ffw\/wp-json\/wp\/v2\/pages"}],"about":[{"href":"https:\/\/versorgungsverband.kvt-zvk.de\/ffw\/wp-json\/wp\/v2\/types\/page"}],"author":[{"embeddable":true,"href":"https:\/\/versorgungsverband.kvt-zvk.de\/ffw\/wp-json\/wp\/v2\/users\/1"}],"replies":[{"embeddable":true,"href":"https:\/\/versorgungsverband.kvt-zvk.de\/ffw\/wp-json\/wp\/v2\/comments?post=5"}],"version-history":[{"count":2,"href":"https:\/\/versorgungsverband.kvt-zvk.de\/ffw\/wp-json\/wp\/v2\/pages\/5\/revisions"}],"predecessor-version":[{"id":9,"href":"https:\/\/versorgungsverband.kvt-zvk.de\/ffw\/wp-json\/wp\/v2\/pages\/5\/revisions\/9"}],"wp:attachment":[{"href":"https:\/\/versorgungsverband.kvt-zvk.de\/ffw\/wp-json\/wp\/v2\/media?parent=5"}],"curies":[{"name":"wp","href":"https:\/\/api.w.org\/{rel}","templated":true}]}}