{"id":42,"date":"2014-09-11T11:53:24","date_gmt":"2014-09-11T09:53:24","guid":{"rendered":"http:\/\/wordpress.p237293.webspaceconfig.de\/?page_id=42"},"modified":"2015-12-30T09:24:55","modified_gmt":"2015-12-30T08:24:55","slug":"arbeitgeber","status":"publish","type":"page","link":"https:\/\/versorgungsverband.kvt-zvk.de\/ffw\/arbeitgeber\/","title":{"rendered":"Mitglieder"},"content":{"rendered":"<p><strong>Mitglieder der Feuerwehrkasse sind die Gemeinden im Freistaat Th\u00fcringen<\/strong>, sofern sie \u00fcber Einsatzabteilungen der Freiwilligen Feuerwehr verf\u00fcgen.<\/p>\n<p>Die Mitgliedschaft entsteht mit dem Eintritt ihrer Voraussetzung kraft Gesetz und ist der Feuerwehrkasse unverz\u00fcglich anzuzeigen.<br \/>\nInhalt der Mitgliedschaft sind vor allem die in der Satzung der Feuerwehrkasse n\u00e4her bestimmten Melde- und Zahlungspflichten.<\/p>\n<p>N\u00e4heres hierzu erfahren Sie in den Rubriken <strong><a href=\"https:\/\/ffw.meinezvk.de\/?page_id=276\" target=\"_blank\" data-wpel-link=\"external\" rel=\"external noopener noreferrer\" class=\"ext-link wpel-icon-right\"><span class=\"wpel-icon wpel-image wpel-icon-8\"><\/span><\/a><a href=\"http:\/\/versorgungsverband.kvt-zvk.de\/ffw\/arbeitgeber\/meldepflichten\/\" data-wpel-link=\"internal\">Meldepflichten<\/a><\/strong> und <strong><a href=\"http:\/\/versorgungsverband.kvt-zvk.de\/ffw\/arbeitgeber\/finanzierung\/\" data-wpel-link=\"internal\">Finanzierung<\/a><\/strong>.<\/p>\n","protected":false},"excerpt":{"rendered":"<p>Mitglieder der Feuerwehrkasse sind die Gemeinden im Freistaat Th\u00fcringen, sofern sie \u00fcber Einsatzabteilungen der Freiwilligen Feuerwehr verf\u00fcgen. Die Mitgliedschaft entsteht mit dem Eintritt ihrer Voraussetzung kraft Gesetz und ist der Feuerwehrkasse unverz\u00fcglich anzuzeigen. Inhalt&#46;&#46;&#46;<\/p>\n","protected":false},"author":1,"featured_media":0,"parent":0,"menu_order":0,"comment_status":"open","ping_status":"open","template":"","meta":{"footnotes":""},"class_list":["post-42","page","type-page","status-publish","hentry"],"_links":{"self":[{"href":"https:\/\/versorgungsverband.kvt-zvk.de\/ffw\/wp-json\/wp\/v2\/pages\/42","targetHints":{"allow":["GET"]}}],"collection":[{"href":"https:\/\/versorgungsverband.kvt-zvk.de\/ffw\/wp-json\/wp\/v2\/pages"}],"about":[{"href":"https:\/\/versorgungsverband.kvt-zvk.de\/ffw\/wp-json\/wp\/v2\/types\/page"}],"author":[{"embeddable":true,"href":"https:\/\/versorgungsverband.kvt-zvk.de\/ffw\/wp-json\/wp\/v2\/users\/1"}],"replies":[{"embeddable":true,"href":"https:\/\/versorgungsverband.kvt-zvk.de\/ffw\/wp-json\/wp\/v2\/comments?post=42"}],"version-history":[{"count":2,"href":"https:\/\/versorgungsverband.kvt-zvk.de\/ffw\/wp-json\/wp\/v2\/pages\/42\/revisions"}],"predecessor-version":[{"id":362,"href":"https:\/\/versorgungsverband.kvt-zvk.de\/ffw\/wp-json\/wp\/v2\/pages\/42\/revisions\/362"}],"wp:attachment":[{"href":"https:\/\/versorgungsverband.kvt-zvk.de\/ffw\/wp-json\/wp\/v2\/media?parent=42"}],"curies":[{"name":"wp","href":"https:\/\/api.w.org\/{rel}","templated":true}]}}