{"id":165,"date":"2015-02-12T09:02:51","date_gmt":"2015-02-12T09:02:51","guid":{"rendered":"http:\/\/ffw.zvk-thueringen.info\/?page_id=165"},"modified":"2024-02-02T11:25:21","modified_gmt":"2024-02-02T10:25:21","slug":"feuerwehrangehoerige","status":"publish","type":"page","link":"https:\/\/versorgungsverband.kvt-zvk.de\/ffw\/anwartschaft\/feuerwehrangehoerige\/","title":{"rendered":"Leistung"},"content":{"rendered":"<div id=\"c957\" class=\"csc-default\">\n<p>Mit Beginn des Ersten des Monats, der auf die Vollendung des 60. Lebensjahres folgt, erhalten die ehemaligen Angeh\u00f6rigen der Einsatzabteilungen der Freiwilligen Feuerwehren eine laufende monatliche Versorgungsleistung. Geh\u00f6rt der Feuerwehrangeh\u00f6rige zu diesem Zeitpunkt noch einer Einsatzabteilung seiner Freiwilligen Feuerwehr an, beginnt der Leistungsanspruch erst mit dem Ersten des Monats, der auf den Monat des sp\u00e4teren Ausscheidens aus der Einsatzabteilung folgt.<\/p>\n<p>Die Gew\u00e4hrung der monatlichen Versorgungsleistung erfolgt nur auf Antrag. Der Antrag ist vom Leistungsberechtigten zu stellen. Hierzu kann das unter dem Punkt <a href=\"http:\/\/versorgungsverband.kvt-zvk.de\/ffw\/arbeitgeber\/download\/\" data-wpel-link=\"internal\"><strong>Download<\/strong><\/a> abrufbare Formular verwendet werden.<\/p>\n<p>Die H\u00f6he der monatlichen Leistung ergibt sich aus der Summe der bis zum Leistungsbeginn erworbenen Anwartschaften, \u00fcber die der Feuerwehrangeh\u00f6rige nach seinem Ausscheiden aus der Einsatzabteilung einen entsprechenden Nachweis bei der Feuerwehrkasse verlangen kann.<\/p>\n<p><strong>Die Leistung wird mit schriftlichem Bescheid festgesetzt und anschlie\u00dfend jeweils monatlich im Voraus ausgezahlt.<\/strong><\/p>\n<p>Alternativ kann dem Feuerwehrangeh\u00f6rigen die Leistung auf seinen Antrag hin auch als einmalige Abfindung ausgezahlt werden.<\/p>\n<\/div>\n","protected":false},"excerpt":{"rendered":"<p>Mit Beginn des Ersten des Monats, der auf die Vollendung des 60. Lebensjahres folgt, erhalten die ehemaligen Angeh\u00f6rigen der Einsatzabteilungen der Freiwilligen Feuerwehren eine laufende monatliche Versorgungsleistung. Geh\u00f6rt der Feuerwehrangeh\u00f6rige zu diesem Zeitpunkt noch&#46;&#46;&#46;<\/p>\n","protected":false},"author":1,"featured_media":0,"parent":282,"menu_order":0,"comment_status":"open","ping_status":"open","template":"","meta":{"footnotes":""},"class_list":["post-165","page","type-page","status-publish","hentry"],"_links":{"self":[{"href":"https:\/\/versorgungsverband.kvt-zvk.de\/ffw\/wp-json\/wp\/v2\/pages\/165","targetHints":{"allow":["GET"]}}],"collection":[{"href":"https:\/\/versorgungsverband.kvt-zvk.de\/ffw\/wp-json\/wp\/v2\/pages"}],"about":[{"href":"https:\/\/versorgungsverband.kvt-zvk.de\/ffw\/wp-json\/wp\/v2\/types\/page"}],"author":[{"embeddable":true,"href":"https:\/\/versorgungsverband.kvt-zvk.de\/ffw\/wp-json\/wp\/v2\/users\/1"}],"replies":[{"embeddable":true,"href":"https:\/\/versorgungsverband.kvt-zvk.de\/ffw\/wp-json\/wp\/v2\/comments?post=165"}],"version-history":[{"count":2,"href":"https:\/\/versorgungsverband.kvt-zvk.de\/ffw\/wp-json\/wp\/v2\/pages\/165\/revisions"}],"predecessor-version":[{"id":515,"href":"https:\/\/versorgungsverband.kvt-zvk.de\/ffw\/wp-json\/wp\/v2\/pages\/165\/revisions\/515"}],"up":[{"embeddable":true,"href":"https:\/\/versorgungsverband.kvt-zvk.de\/ffw\/wp-json\/wp\/v2\/pages\/282"}],"wp:attachment":[{"href":"https:\/\/versorgungsverband.kvt-zvk.de\/ffw\/wp-json\/wp\/v2\/media?parent=165"}],"curies":[{"name":"wp","href":"https:\/\/api.w.org\/{rel}","templated":true}]}}