{"id":108,"date":"2014-12-10T10:17:20","date_gmt":"2014-12-10T10:17:20","guid":{"rendered":"http:\/\/kvt.zvk-thueringen.info\/?page_id=108"},"modified":"2025-01-02T09:13:32","modified_gmt":"2025-01-02T08:13:32","slug":"ueber-uns","status":"publish","type":"page","link":"https:\/\/versorgungsverband.kvt-zvk.de\/ffw\/","title":{"rendered":"\u00dcber uns"},"content":{"rendered":"<div id=\"c968\" class=\"csc-default\">\n<p>Die Feuerwehrkasse beim Kommunalen Versorgungsverband Th\u00fcringen hat die Aufgabe, den ehrenamtlichen Angeh\u00f6rigen der Einsatzabteilungen der Freiwilligen Feuerwehren eine zus\u00e4tzliche Altersversorgung nach Ma\u00dfgabe des \u00a7 15 des <strong>Th\u00fcringer Brand- und Katastrophenschutzgesetzes<\/strong> zu gew\u00e4hren.<\/p>\n<p>Die Kasse wird als rechtlich unselbst\u00e4ndige <strong>Sonderkasse des Kommunalen Versorgungsverbandes Th\u00fcringen<\/strong> gef\u00fchrt.<\/p>\n<p>Die Kasse vereinnahmt die nach n\u00e4herer Bestimmung des <strong>Th\u00fcringer Brand-und Katastrophenschutzgesetzes<\/strong> und der <strong>Th\u00fcringer Verordnung \u00fcber die zus\u00e4tzliche Altersversorgung <\/strong><strong>der Angeh\u00f6rigen der Freiwilligen Feuerwehren<\/strong> anteilig vom Freistaat Th\u00fcringen und den Gemeinden f\u00fcr jeden ehrenamtlichen Angeh\u00f6rigen der Einsatzabteilungen der Freiwilligen Feuerwehren im Freistaat Th\u00fcringen zu entrichtenden Beitr\u00e4ge. Hieraus werden die, nach n\u00e4herer Bestimmung der Satzung der Feuerwehrkasse, zu erbringenden Altersversorgungsleistungen an die Kameraden der Freiwilligen Feuerwehren im Leistungsfall gew\u00e4hrt.<\/p>\n<p>Leistungsberechtigt sind s\u00e4mtliche ehemalige Angeh\u00f6rige der Einsatzabteilungen der Freiwilligen Feuerwehren mit Vollendung des 60. Lebensjahres bzw. nach einem sp\u00e4teren Ausscheiden aus der Einsatzabteilung unabh\u00e4ngig von der Dauer ihrer Zugeh\u00f6rigkeit.<\/p>\n<p>N\u00e4heres \u00fcber die Feuerwehrkasse erfahren Sie auf den n\u00e4chsten Seiten.<\/p>\n<\/div>\n","protected":false},"excerpt":{"rendered":"<p>Die Feuerwehrkasse beim Kommunalen Versorgungsverband Th\u00fcringen hat die Aufgabe, den ehrenamtlichen Angeh\u00f6rigen der Einsatzabteilungen der Freiwilligen Feuerwehren eine zus\u00e4tzliche Altersversorgung nach Ma\u00dfgabe des \u00a7 15 des Th\u00fcringer Brand- und Katastrophenschutzgesetzes zu gew\u00e4hren. Die Kasse&#46;&#46;&#46;<\/p>\n","protected":false},"author":1,"featured_media":0,"parent":0,"menu_order":0,"comment_status":"open","ping_status":"open","template":"","meta":{"footnotes":""},"class_list":["post-108","page","type-page","status-publish","hentry"],"_links":{"self":[{"href":"https:\/\/versorgungsverband.kvt-zvk.de\/ffw\/wp-json\/wp\/v2\/pages\/108","targetHints":{"allow":["GET"]}}],"collection":[{"href":"https:\/\/versorgungsverband.kvt-zvk.de\/ffw\/wp-json\/wp\/v2\/pages"}],"about":[{"href":"https:\/\/versorgungsverband.kvt-zvk.de\/ffw\/wp-json\/wp\/v2\/types\/page"}],"author":[{"embeddable":true,"href":"https:\/\/versorgungsverband.kvt-zvk.de\/ffw\/wp-json\/wp\/v2\/users\/1"}],"replies":[{"embeddable":true,"href":"https:\/\/versorgungsverband.kvt-zvk.de\/ffw\/wp-json\/wp\/v2\/comments?post=108"}],"version-history":[{"count":3,"href":"https:\/\/versorgungsverband.kvt-zvk.de\/ffw\/wp-json\/wp\/v2\/pages\/108\/revisions"}],"predecessor-version":[{"id":531,"href":"https:\/\/versorgungsverband.kvt-zvk.de\/ffw\/wp-json\/wp\/v2\/pages\/108\/revisions\/531"}],"wp:attachment":[{"href":"https:\/\/versorgungsverband.kvt-zvk.de\/ffw\/wp-json\/wp\/v2\/media?parent=108"}],"curies":[{"name":"wp","href":"https:\/\/api.w.org\/{rel}","templated":true}]}}